{"id":1358,"date":"2026-03-22T17:57:35","date_gmt":"2026-03-22T17:57:35","guid":{"rendered":"https:\/\/projettoutou.com\/?page_id=1358"},"modified":"2026-05-03T21:48:26","modified_gmt":"2026-05-03T21:48:26","slug":"projets","status":"publish","type":"page","link":"https:\/\/projettoutou.com\/?page_id=1358","title":{"rendered":"Projets"},"content":{"rendered":"\n<p class=\"has-x-large-font-size\"><strong>Appel \u00e0 projet 2026<\/strong><\/p>\n\n\n\t<p data-spectra-id=\"spectra-mndv2l1e-uyl8gv\"\t\tclass=\"wp-block-spectra-content\">\n\t\t<strong>\u00a0APPEL \u00c0 PROJET\u00a0\u00a0\u00a0\u00a0\u00a0\u00a0\u00a0\u00a0\u00a0\u00a0\u00a0\u00a0\u00a0\u00a0\u00a0\u00a0\u00a0\u00a0\u00a0\u00a0\u00a0\u00a0\u00a0\u00a0 PROJET TOUTOU<\/strong><br><strong>R\u00e9sidence d\u2019artiste \u2013 Friche Jean-Rieux, Toulouse<\/strong><br><strong>Date limite de candidature :15 JANVIER 2026<\/strong><br><strong>P\u00e9riode de r\u00e9sidence : MAI ET JUIN<\/strong><br><strong>Lieu : Friche Jean-Rieux, Toulouse (quartier C\u00f4te Pav\u00e9e)<\/strong><br><br><strong>PR\u00c9SENTATION DU CONTEXTE<\/strong><br>Situ\u00e9e dans le quartier de la C\u00f4te Pav\u00e9e \u00e0 Toulouse, \u00e0 proximit\u00e9 de l\u2019avenue Jean-Rieux \u2014 axe historique reliant le centre-ville \u00e0 ses marges urbaines \u2014 la friche Jean-Rieux constitue un espace en transition, marqu\u00e9 par des usages pass\u00e9s, pr\u00e9sents et \u00e0 venir.<br>La r\u00e9sidence propos\u00e9e invite un\u00b7e artiste \u00e0 investir ce lieu comme espace de recherche, d\u2019interaction et de production, en dialogue avec ses dimensions historiques, sociales et mat\u00e9rielles. Cette r\u00e9sidence encourage des pratiques capables de r\u00e9v\u00e9ler des formes d\u2019intelligence situ\u00e9es, parfois invisibles ou marginales : strat\u00e9gies d\u2019usage, \u00e9conomies parall\u00e8les, gestes de contournement. La friche devient ici un terrain d\u2019exp\u00e9rimentation pour observer, activer ou fictionnaliser ces logiques.<br><br><strong>OBJECTIFS DE LA R\u00c9SIDENCE<\/strong><br>Encourager des pratiques en art contextuel, in situ et relationnel<br>Interroger les usages, r\u00e9cits et imaginaires li\u00e9s \u00e0 la friche<br>Favoriser des formes d\u2019engagement avec les habitant\u00b7e\u00b7s, usager\u00b7\u00e8re\u00b7s ou voisinages<br>Explorer les notions de transition urbaine, appropriation, \u00e9conomie informelle, d\u00e9tournement<br>Exp\u00e9rimenter des formes artistiques hybrides : installation, performance, dispositif participatif, \u00e9dition, etc.<br><br><strong>PROFIL RECHERCH\u00c9<\/strong><br>Cet appel s\u2019adresse \u00e0 des artistes, collectifs ou chercheur\u00b7euse\u00b7s-cr\u00e9ateur\u00b7rice\u00b7s :<br>Travaillant dans le champ des arts visuels, performatifs ou interdisciplinaires<br>Ayant un int\u00e9r\u00eat pour les pratiques situ\u00e9es, sociales ou critiques<br>Sensibles aux enjeux de territoire, de marges urbaines, de bricolage ou d\u2019usages d\u00e9tourn\u00e9s<br>Capables de d\u00e9velopper une d\u00e9marche processuelle, ouverte \u00e0 l\u2019impr\u00e9vu et aux interactions<br><br><strong>CONDITIONS DE R\u00c9SIDENCE<\/strong><br>Mise \u00e0 disposition d\u2019un espace de travail au sein de la friche<br>Possibilit\u00e9 d\u2019interventions dans l\u2019espace ext\u00e9rieur<br>Accompagnement curatorial et\/ou technique<br>Budget de production : aucun<br>Honoraires : aucun<br>H\u00e9bergement : offert<br><br><strong>ATTENTES<\/strong><br>Une pr\u00e9sence r\u00e9guli\u00e8re sur le site<br>Une phase de recherche et d\u2019immersion<br>Une restitution publique (forme libre : exposition, activation, publication, etc.)<br>Une attention port\u00e9e aux dynamiques locales et aux usages existants<br><br><strong>MODALIT\u00c9S DE CANDIDATURE<\/strong><br>Le dossier devra inclure :<br>Un portfolio 5-10 photos sur un seul pdf<br>Une note d\u2019intention (max. 300 mots) d\u00e9crivant :<br>L\u2019approche envisag\u00e9e du site<br>Les pistes de recherche<br>Les formes possibles de restitution<br>Un CV<br>Tout document compl\u00e9mentaire jug\u00e9 pertinent<br>\u00c0 envoyer \u00e0 : projettoutou@gmail.com<br>Objet : <em>Candidature \u2013 R\u00e9sidence Friche Jean-Rieux<\/em><br><br><strong>CALENDRIER<\/strong><br>Lancement de l\u2019appel :1<sup>er<\/sup> d\u00e9cembre 2025<br>Date limite de candidature : 15 janvier 2026<br>S\u00e9lection : f\u00e9vrier<br>R\u00e9sidence : mai et juin\t<\/p>\n\n\n<div data-spectra-id=\"spectra-mneztn8h-l0koi7\" class=\"wp-block-button spectra-buttons wp-block-spectra-buttons\">\n\t\n<a data-spectra-id=\"spectra-mneztnba-4ubtto\" href=\"https:\/\/projettoutou.com\/wp-content\/uploads\/2026\/03\/APPEL-A-PROJEt_PROJET-TOUTOU.pdf\" target=\"_self\" aria-label=\"PDF de l&#039;appel\" class=\"wp-block-button__link wp-element-button wp-block-spectra-button\">\n<div class=\"spectra-button__link\">PDF de l&rsquo;appel<\/div><\/a>\n\n<\/div>\n\n\n<div data-spectra-id=\"spectra-moqaw9rh-r3djqd\" class=\"wp-block-button spectra-buttons wp-block-spectra-buttons\">\n\t<\/div>\n\n\n\n<details class=\"wp-block-details is-layout-flow wp-block-details-is-layout-flow\"><summary>141 Av. Jean Rieux, 31500, Toulouse<\/summary><div data-spectra-id=\"spectra-mndvgfek-ly1bgb\" class=\"spectra-google-map wp-block-spectra-google-map\">\n\t<embed\n\t\tclass=\"spectra-google-map__iframe\"\n\t\ttitle=\"Carte Google pour 141 Av. Jean Rieux\"\n\t\tsrc=\"https:\/\/maps.google.com\/maps?q=141+Av.+Jean+Rieux&#038;z=15&#038;hl=en&#038;t=m&#038;output=embed&#038;iwloc=near\"\n\t\twidth=\"100%\"\n\t\theight=\"100%\"\n\t\tstyle=\"border: 0;\"\n\t\tallowfullscreen=\"\"\n\t\tloading=\"lazy\"\n\t\treferrerpolicy=\"no-referrer-when-downgrade\"\n\t><\/embed>\n<\/div>\n<\/details>\n","protected":false},"excerpt":{"rendered":"<p>Appel \u00e0 projet 2026<\/p>\n","protected":false},"author":1,"featured_media":0,"parent":0,"menu_order":0,"comment_status":"closed","ping_status":"closed","template":"","meta":{"_uag_custom_page_level_css":"","footnotes":""},"class_list":["post-1358","page","type-page","status-publish","hentry"],"_hostinger_reach_plugin_has_subscription_block":false,"_hostinger_reach_plugin_is_elementor":false,"uagb_featured_image_src":{"full":false,"thumbnail":false,"medium":false,"medium_large":false,"large":false,"1536x1536":false,"2048x2048":false},"uagb_author_info":{"display_name":"projettoutou@gmail.com","author_link":"https:\/\/projettoutou.com\/?author=1"},"uagb_comment_info":0,"uagb_excerpt":"Appel \u00e0 projet 2026","_links":{"self":[{"href":"https:\/\/projettoutou.com\/index.php?rest_route=\/wp\/v2\/pages\/1358","targetHints":{"allow":["GET"]}}],"collection":[{"href":"https:\/\/projettoutou.com\/index.php?rest_route=\/wp\/v2\/pages"}],"about":[{"href":"https:\/\/projettoutou.com\/index.php?rest_route=\/wp\/v2\/types\/page"}],"author":[{"embeddable":true,"href":"https:\/\/projettoutou.com\/index.php?rest_route=\/wp\/v2\/users\/1"}],"replies":[{"embeddable":true,"href":"https:\/\/projettoutou.com\/index.php?rest_route=%2Fwp%2Fv2%2Fcomments&post=1358"}],"version-history":[{"count":10,"href":"https:\/\/projettoutou.com\/index.php?rest_route=\/wp\/v2\/pages\/1358\/revisions"}],"predecessor-version":[{"id":1411,"href":"https:\/\/projettoutou.com\/index.php?rest_route=\/wp\/v2\/pages\/1358\/revisions\/1411"}],"wp:attachment":[{"href":"https:\/\/projettoutou.com\/index.php?rest_route=%2Fwp%2Fv2%2Fmedia&parent=1358"}],"curies":[{"name":"wp","href":"https:\/\/api.w.org\/{rel}","templated":true}]}}