{"id":495,"date":"2026-03-22T17:21:38","date_gmt":"2026-03-22T17:21:38","guid":{"rendered":"https:\/\/projettoutou.com\/about\/"},"modified":"2026-03-23T01:19:39","modified_gmt":"2026-03-23T01:19:39","slug":"about","status":"publish","type":"page","link":"https:\/\/projettoutou.com\/?page_id=495","title":{"rendered":"\u00c0 propos"},"content":{"rendered":"<div data-spectra-id=\"spectra-mk0xxhur-8pljap\"\tstyle=\"overflow: visible;\" class=\"spectra-is-root-container alignfull spectra-overlay-color spectra-overflow wp-block-spectra-container\" data-orientation=\"vertical\"\t>\n\t\n\n<p>Projet Toutou est une plateforme de diffusion et de m\u00e9diation ax\u00e9e sur les enjeux de domestication du quotidien. Entre projet artistique et intervention communautaire, nous cherchons \u00e0 accompagner les artistes pour qu\u2019iel r\u00e9alise leur projet. L\u2019inscription dans notre quartier est n\u00e9cessaire pour mener \u00e0 bien notre mission au sein de la communaut\u00e9. Nous essayons diff\u00e9rents formats qui cr\u00e9ent des porosit\u00e9s entre chaque atelier participatif, chaque repas communautaire ou chaque performance active. Nous cherchons \u00e0 cr\u00e9er des liens avec les habitants et les habitantes pour offrir des services qui s\u2019ancreront dans leur r\u00e9alit\u00e9 et qui d\u00e9passeront les champs des arts.<\/p>\n\n\n\n<p>Nous sommes un tout nouveau projet bas\u00e9 sur Toulouse depuis 2025. Bien que nouveau, nous comptons sur l\u2019exp\u00e9rience de nos membres qui poss\u00e8dent un bagage th\u00e9orique et pratique de la sph\u00e8re des arts performatifs et plastiques.<\/p>\n\n<\/div>\n\n\n<div data-spectra-id=\"6be40f00\"\tstyle=\"overflow: visible; --spectra-overlay-opacity: 1;\" class=\"spectra-is-root-container alignfull spectra-overlay-color spectra-overflow spectra-dim-ratio wp-block-spectra-container\" data-orientation=\"vertical\"\t>\n\t<\/div>\n","protected":false},"excerpt":{"rendered":"","protected":false},"author":1,"featured_media":0,"parent":0,"menu_order":0,"comment_status":"closed","ping_status":"closed","template":"","meta":{"_uag_custom_page_level_css":"","footnotes":""},"class_list":["post-495","page","type-page","status-publish","hentry"],"_hostinger_reach_plugin_has_subscription_block":false,"_hostinger_reach_plugin_is_elementor":false,"uagb_featured_image_src":{"full":false,"thumbnail":false,"medium":false,"medium_large":false,"large":false,"1536x1536":false,"2048x2048":false},"uagb_author_info":{"display_name":"projettoutou@gmail.com","author_link":"https:\/\/projettoutou.com\/?author=1"},"uagb_comment_info":0,"uagb_excerpt":null,"_links":{"self":[{"href":"https:\/\/projettoutou.com\/index.php?rest_route=\/wp\/v2\/pages\/495","targetHints":{"allow":["GET"]}}],"collection":[{"href":"https:\/\/projettoutou.com\/index.php?rest_route=\/wp\/v2\/pages"}],"about":[{"href":"https:\/\/projettoutou.com\/index.php?rest_route=\/wp\/v2\/types\/page"}],"author":[{"embeddable":true,"href":"https:\/\/projettoutou.com\/index.php?rest_route=\/wp\/v2\/users\/1"}],"replies":[{"embeddable":true,"href":"https:\/\/projettoutou.com\/index.php?rest_route=%2Fwp%2Fv2%2Fcomments&post=495"}],"version-history":[{"count":5,"href":"https:\/\/projettoutou.com\/index.php?rest_route=\/wp\/v2\/pages\/495\/revisions"}],"predecessor-version":[{"id":1391,"href":"https:\/\/projettoutou.com\/index.php?rest_route=\/wp\/v2\/pages\/495\/revisions\/1391"}],"wp:attachment":[{"href":"https:\/\/projettoutou.com\/index.php?rest_route=%2Fwp%2Fv2%2Fmedia&parent=495"}],"curies":[{"name":"wp","href":"https:\/\/api.w.org\/{rel}","templated":true}]}}